{"id":114,"date":"2023-04-15T18:57:50","date_gmt":"2023-04-15T18:57:50","guid":{"rendered":"https:\/\/nieuw.heemkameraarlerixtel.nl\/?page_id=114"},"modified":"2023-04-15T18:57:50","modified_gmt":"2023-04-15T18:57:50","slug":"snoeperij-jantje","status":"publish","type":"page","link":"https:\/\/heemkameraarlerixtel.nl\/?page_id=114","title":{"rendered":"Snoeperij Jantje"},"content":{"rendered":"\n<p><strong>Snoeperij Jantje \u2013 Herberg De Drie Leli\u00ebn.<\/strong><\/p>\n\n\n\n<figure class=\"wp-block-image size-full\"><img loading=\"lazy\" decoding=\"async\" width=\"300\" height=\"225\" src=\"https:\/\/heemkameraarlerixtel.nl\/wp-content\/uploads\/2023\/04\/SnoeperijJantje.jpg\" alt=\"\" class=\"wp-image-115\"\/><figcaption class=\"wp-element-caption\"><strong><br>Snoeperij Jantje \u2013 Herberg De Drie Leli\u00ebn.<\/strong><\/figcaption><\/figure>\n\n\n\n<p>Dit pand \u2013 aan de Wilhelminalaan ( \u2019t Heuveltje)- behoort tot de oudste panden van onze dorpskern.Het pand wordt al in de 15 e eeuw vermeld als herberg \u201cDe Drie Leli\u00ebn. Het was Het jarenlang een galerie, een kruidenierswinkel annex bakkerij en daarv\u00f3\u00f3r herberg. Het ligt aan de voormalige \u201cNeije Merckt\u201d of te wel \u00a0\u201cDe Caatsbaen\u201d, waar tot het midden van de vorige eeuw\u00a0 brouwerij \u201cHet Witte paard\u201d stond.. \u201c. In \u201cDe Drie Leli\u00ebn\u201d is nu Snoeperij Jantje gevestigd.\u00a0In de bedrijfsvoering is een zorgproject opgenomen.\u00a0<\/p>\n","protected":false},"excerpt":{"rendered":"<p>Snoeperij Jantje \u2013 Herberg De Drie Leli\u00ebn. Dit pand \u2013 aan de Wilhelminalaan ( \u2019t Heuveltje)- behoort tot de oudste panden van onze dorpskern.Het pand wordt al in de 15 [&hellip;]<\/p>\n","protected":false},"author":2,"featured_media":0,"parent":0,"menu_order":0,"comment_status":"closed","ping_status":"closed","template":"","meta":{"ngg_post_thumbnail":0,"footnotes":""},"class_list":["post-114","page","type-page","status-publish","hentry"],"_links":{"self":[{"href":"https:\/\/heemkameraarlerixtel.nl\/index.php?rest_route=\/wp\/v2\/pages\/114","targetHints":{"allow":["GET"]}}],"collection":[{"href":"https:\/\/heemkameraarlerixtel.nl\/index.php?rest_route=\/wp\/v2\/pages"}],"about":[{"href":"https:\/\/heemkameraarlerixtel.nl\/index.php?rest_route=\/wp\/v2\/types\/page"}],"author":[{"embeddable":true,"href":"https:\/\/heemkameraarlerixtel.nl\/index.php?rest_route=\/wp\/v2\/users\/2"}],"replies":[{"embeddable":true,"href":"https:\/\/heemkameraarlerixtel.nl\/index.php?rest_route=%2Fwp%2Fv2%2Fcomments&post=114"}],"version-history":[{"count":1,"href":"https:\/\/heemkameraarlerixtel.nl\/index.php?rest_route=\/wp\/v2\/pages\/114\/revisions"}],"predecessor-version":[{"id":116,"href":"https:\/\/heemkameraarlerixtel.nl\/index.php?rest_route=\/wp\/v2\/pages\/114\/revisions\/116"}],"wp:attachment":[{"href":"https:\/\/heemkameraarlerixtel.nl\/index.php?rest_route=%2Fwp%2Fv2%2Fmedia&parent=114"}],"curies":[{"name":"wp","href":"https:\/\/api.w.org\/{rel}","templated":true}]}}